{"id":62,"date":"2021-12-12T05:19:15","date_gmt":"2021-12-12T04:19:15","guid":{"rendered":"https:\/\/feringa-taxi.de\/cms\/?page_id=62"},"modified":"2024-04-10T17:11:08","modified_gmt":"2024-04-10T15:11:08","slug":"kontakt","status":"publish","type":"page","link":"https:\/\/feringa-taxi.de\/cms\/kontakt\/","title":{"rendered":"Kontakt \/ Impressum"},"content":{"rendered":"\n<p><strong>Herausgeber und Inhaber dieser Webseite:<\/strong><\/p>\n\n\n\n<p>Feringa Taxi<\/p>\n\n\n\n<p><strong>Verantwortlich gem\u00e4\u00df \u00a7 5 TMG und \u00a7 55 RStV:<\/strong><\/p>\n\n\n\n<p>Inhaber: Henryk Bartkow<br>Feringa Taxi<br>M\u00fcnchener Str.\u00a0101\u00a0<br>85737 Ismaning<br>Deutschland<br><br>Telefon: 089 \/ 9 00 68\u00a078\u00a00<br>Telefax: 089\/ 9 00 68\u00a078\u00a012<br>E-Mail: order(@)feringa-taxi.de<br><br><strong>Umsatzsteuer-Identifikationsnummer gem\u00e4\u00df \u00a727 a Umsatzsteuergesetz:<\/strong><br>DE 271182132<\/p>\n\n\n\n<p><strong>Haftungsausschluss<\/strong><br>Trotz sorgf\u00e4ltiger inhaltlicher Kontrolle \u00fcbernehmen wir keine Haftung f\u00fcr die Inhalte externer Links. F\u00fcr den Inhalt der verlinkten Seiten sind ausschlie\u00dflich deren Betreiber verantwortlich.<\/p>\n","protected":false},"excerpt":{"rendered":"<div class=\"slide-text-bg2\"><span>Herausgeber und Inhaber dieser Webseite: Feringa Taxi Verantwortlich gem\u00e4\u00df \u00a7 5 TMG und \u00a7 55 RStV: Inhaber: Henryk BartkowFeringa TaxiM\u00fcnchener Str.\u00a01<\/span><\/div>\n<div class=\"slide-btn-area-sm\"><a href=\"https:\/\/feringa-taxi.de\/cms\/kontakt\/\" class=\"slide-btn-sm\">Weiterlesen<\/a><\/div>\n","protected":false},"author":1,"featured_media":0,"parent":0,"menu_order":0,"comment_status":"closed","ping_status":"closed","template":"","meta":{"footnotes":""},"class_list":["post-62","page","type-page","status-publish","hentry"],"yoast_head":"<!-- This site is optimized with the Yoast SEO plugin v26.5 - https:\/\/yoast.com\/wordpress\/plugins\/seo\/ -->\n<title>Kontakt \/ Impressum -<\/title>\n<meta name=\"robots\" content=\"index, follow, max-snippet:-1, max-image-preview:large, max-video-preview:-1\" \/>\n<link rel=\"canonical\" href=\"https:\/\/feringa-taxi.de\/cms\/kontakt\/\" \/>\n<meta property=\"og:locale\" content=\"de_DE\" \/>\n<meta property=\"og:type\" content=\"article\" \/>\n<meta property=\"og:title\" content=\"Kontakt \/ Impressum -\" \/>\n<meta property=\"og:description\" content=\"Herausgeber und Inhaber dieser Webseite: Feringa Taxi Verantwortlich gem\u00e4\u00df \u00a7 5 TMG und \u00a7 55 RStV: Inhaber: Henryk BartkowFeringa TaxiM\u00fcnchener Str.\u00a01Weiterlesen\" \/>\n<meta property=\"og:url\" content=\"https:\/\/feringa-taxi.de\/cms\/kontakt\/\" \/>\n<meta property=\"article:modified_time\" content=\"2024-04-10T15:11:08+00:00\" \/>\n<meta name=\"twitter:card\" content=\"summary_large_image\" \/>\n<meta name=\"twitter:label1\" content=\"Gesch\u00e4tzte Lesezeit\" \/>\n\t<meta name=\"twitter:data1\" content=\"1\u00a0Minute\" \/>\n<script type=\"application\/ld+json\" class=\"yoast-schema-graph\">{\"@context\":\"https:\/\/schema.org\",\"@graph\":[{\"@type\":\"WebPage\",\"@id\":\"https:\/\/feringa-taxi.de\/cms\/kontakt\/\",\"url\":\"https:\/\/feringa-taxi.de\/cms\/kontakt\/\",\"name\":\"Kontakt \/ Impressum -\",\"isPartOf\":{\"@id\":\"https:\/\/feringa-taxi.de\/cms\/#website\"},\"datePublished\":\"2021-12-12T04:19:15+00:00\",\"dateModified\":\"2024-04-10T15:11:08+00:00\",\"breadcrumb\":{\"@id\":\"https:\/\/feringa-taxi.de\/cms\/kontakt\/#breadcrumb\"},\"inLanguage\":\"de\",\"potentialAction\":[{\"@type\":\"ReadAction\",\"target\":[\"https:\/\/feringa-taxi.de\/cms\/kontakt\/\"]}]},{\"@type\":\"BreadcrumbList\",\"@id\":\"https:\/\/feringa-taxi.de\/cms\/kontakt\/#breadcrumb\",\"itemListElement\":[{\"@type\":\"ListItem\",\"position\":1,\"name\":\"Startseite\",\"item\":\"https:\/\/feringa-taxi.de\/cms\/\"},{\"@type\":\"ListItem\",\"position\":2,\"name\":\"Kontakt \/ Impressum\"}]},{\"@type\":\"WebSite\",\"@id\":\"https:\/\/feringa-taxi.de\/cms\/#website\",\"url\":\"https:\/\/feringa-taxi.de\/cms\/\",\"name\":\"\",\"description\":\"Taxi Service Ismaing, Unterf\u00f6hring, Garching, M\u00fcnchen, Flughafen\",\"potentialAction\":[{\"@type\":\"SearchAction\",\"target\":{\"@type\":\"EntryPoint\",\"urlTemplate\":\"https:\/\/feringa-taxi.de\/cms\/?s={search_term_string}\"},\"query-input\":{\"@type\":\"PropertyValueSpecification\",\"valueRequired\":true,\"valueName\":\"search_term_string\"}}],\"inLanguage\":\"de\"}]}<\/script>\n<!-- \/ Yoast SEO plugin. -->","yoast_head_json":{"title":"Kontakt \/ Impressum -","robots":{"index":"index","follow":"follow","max-snippet":"max-snippet:-1","max-image-preview":"max-image-preview:large","max-video-preview":"max-video-preview:-1"},"canonical":"https:\/\/feringa-taxi.de\/cms\/kontakt\/","og_locale":"de_DE","og_type":"article","og_title":"Kontakt \/ Impressum -","og_description":"Herausgeber und Inhaber dieser Webseite: Feringa Taxi Verantwortlich gem\u00e4\u00df \u00a7 5 TMG und \u00a7 55 RStV: Inhaber: Henryk BartkowFeringa TaxiM\u00fcnchener Str.\u00a01Weiterlesen","og_url":"https:\/\/feringa-taxi.de\/cms\/kontakt\/","article_modified_time":"2024-04-10T15:11:08+00:00","twitter_card":"summary_large_image","twitter_misc":{"Gesch\u00e4tzte Lesezeit":"1\u00a0Minute"},"schema":{"@context":"https:\/\/schema.org","@graph":[{"@type":"WebPage","@id":"https:\/\/feringa-taxi.de\/cms\/kontakt\/","url":"https:\/\/feringa-taxi.de\/cms\/kontakt\/","name":"Kontakt \/ Impressum -","isPartOf":{"@id":"https:\/\/feringa-taxi.de\/cms\/#website"},"datePublished":"2021-12-12T04:19:15+00:00","dateModified":"2024-04-10T15:11:08+00:00","breadcrumb":{"@id":"https:\/\/feringa-taxi.de\/cms\/kontakt\/#breadcrumb"},"inLanguage":"de","potentialAction":[{"@type":"ReadAction","target":["https:\/\/feringa-taxi.de\/cms\/kontakt\/"]}]},{"@type":"BreadcrumbList","@id":"https:\/\/feringa-taxi.de\/cms\/kontakt\/#breadcrumb","itemListElement":[{"@type":"ListItem","position":1,"name":"Startseite","item":"https:\/\/feringa-taxi.de\/cms\/"},{"@type":"ListItem","position":2,"name":"Kontakt \/ Impressum"}]},{"@type":"WebSite","@id":"https:\/\/feringa-taxi.de\/cms\/#website","url":"https:\/\/feringa-taxi.de\/cms\/","name":"","description":"Taxi Service Ismaing, Unterf\u00f6hring, Garching, M\u00fcnchen, Flughafen","potentialAction":[{"@type":"SearchAction","target":{"@type":"EntryPoint","urlTemplate":"https:\/\/feringa-taxi.de\/cms\/?s={search_term_string}"},"query-input":{"@type":"PropertyValueSpecification","valueRequired":true,"valueName":"search_term_string"}}],"inLanguage":"de"}]}},"_links":{"self":[{"href":"https:\/\/feringa-taxi.de\/cms\/wp-json\/wp\/v2\/pages\/62","targetHints":{"allow":["GET"]}}],"collection":[{"href":"https:\/\/feringa-taxi.de\/cms\/wp-json\/wp\/v2\/pages"}],"about":[{"href":"https:\/\/feringa-taxi.de\/cms\/wp-json\/wp\/v2\/types\/page"}],"author":[{"embeddable":true,"href":"https:\/\/feringa-taxi.de\/cms\/wp-json\/wp\/v2\/users\/1"}],"replies":[{"embeddable":true,"href":"https:\/\/feringa-taxi.de\/cms\/wp-json\/wp\/v2\/comments?post=62"}],"version-history":[{"count":9,"href":"https:\/\/feringa-taxi.de\/cms\/wp-json\/wp\/v2\/pages\/62\/revisions"}],"predecessor-version":[{"id":165,"href":"https:\/\/feringa-taxi.de\/cms\/wp-json\/wp\/v2\/pages\/62\/revisions\/165"}],"wp:attachment":[{"href":"https:\/\/feringa-taxi.de\/cms\/wp-json\/wp\/v2\/media?parent=62"}],"curies":[{"name":"wp","href":"https:\/\/api.w.org\/{rel}","templated":true}]}}